{"id":663,"date":"2021-09-30T06:44:56","date_gmt":"2021-09-30T08:44:56","guid":{"rendered":"https:\/\/3pldgm.com\/contacts\/"},"modified":"2024-06-27T06:10:42","modified_gmt":"2024-06-27T08:10:42","slug":"kontaktai","status":"publish","type":"page","link":"https:\/\/3pldgm.com\/lt\/kontaktai\/","title":{"rendered":"KONTAKTAI"},"content":{"rendered":"<div  class='av_gmaps_sc_main_wrap av_gmaps_main_wrap '><div id='av_gmap_0' class='avia-google-map-container avia-google-map-sc av_gmaps_show_unconditionally av-no-fallback-img ' data-mapid='av_gmap_0'  style='height: 400px;'><a class=\"av_gmaps_browser_disabled av_text_confirm_link av_text_confirm_link_visible\" href=\"https:\/\/www.google.com\/maps\/search\/?api=1&#038;query=Dariaus%20ir%20Gir\u0117no%20str.%2081%2002189%20Vilnius%20%20Lithuania\" target=\"_blank\" rel=\"noopener\">Maps were disabled by the visitor on this site. Click to open the map in a new window.<\/a><\/div><\/div>\n<div id='av_section_1'  class='avia-section av-1bdhmm-3940c2902ccbd9eb24d18907d9adc8d6 main_color avia-section-default avia-no-border-styling  avia-builder-el-1  el_after_av_google_map  avia-builder-el-last  avia-bg-style-scroll container_wrap fullsize'  ><div class='container av-section-cont-open' ><div class='template-page content  av-content-full alpha units'><div class='post-entry post-entry-type-page post-entry-663'><div class='entry-content-wrapper clearfix'>\n<section  class='av_textblock_section av-ku6qw4hx-818dd9d76c38c13d4f42a7c575f70654 '   itemscope=\"itemscope\" itemtype=\"https:\/\/schema.org\/CreativeWork\" ><div class='avia_textblock'  itemprop=\"text\" ><div class=\"page\" title=\"Page 4\">\n<div class=\"section\">\n<div class=\"layoutArea\">\n<div class=\"column\">\n<h2>3PL DGM, UAB<\/h2>\n<\/div>\n<\/div>\n<\/div>\n<\/div>\n<\/div><\/section>\n\n<style type=\"text\/css\" data-created_by=\"avia_inline_auto\" id=\"style-css-av-12dqja-9eb612cb5c7922dd0e35a0a7c2055dd5\">\n.flex_column.av-12dqja-9eb612cb5c7922dd0e35a0a7c2055dd5{\nborder-radius:0px 0px 0px 0px;\npadding:0px 0px 0px 0px;\n}\n<\/style>\n<div  class='flex_column av-12dqja-9eb612cb5c7922dd0e35a0a7c2055dd5 av_one_fifth  avia-builder-el-3  el_after_av_textblock  el_before_av_one_fifth  first flex_column_div av-zero-column-padding  column-top-margin'     ><section  class='av_textblock_section av-ku6qw4hx-818dd9d76c38c13d4f42a7c575f70654 '   itemscope=\"itemscope\" itemtype=\"https:\/\/schema.org\/CreativeWork\" ><div class='avia_textblock'  itemprop=\"text\" ><div class=\"page\" title=\"Page 4\">\n<div class=\"section\">\n<div class=\"layoutArea\">\n<div class=\"column\">\n<h3>LIETUVA<\/h3>\n<p>Dariaus ir Gireno g. 81<br \/>\nVilnius, LT 12188<br \/>\nLietuva<br \/>\n\u012emon\u0117s kodas: 304154059<br \/>\nPVM kodas: LT100009863011<\/p>\n<p>Telefonas: +370 618 56445<\/p>\n<\/div>\n<\/div>\n<\/div>\n<\/div>\n<\/div><\/section><\/div>\n<style type=\"text\/css\" data-created_by=\"avia_inline_auto\" id=\"style-css-av-12dqja-c5f32ccc78a3f2fb2bd666595a0eb1aa\">\n.flex_column.av-12dqja-c5f32ccc78a3f2fb2bd666595a0eb1aa{\nborder-radius:0px 0px 0px 0px;\npadding:0px 0px 0px 0px;\n}\n<\/style>\n<div  class='flex_column av-12dqja-c5f32ccc78a3f2fb2bd666595a0eb1aa av_one_fifth  avia-builder-el-5  el_after_av_one_fifth  el_before_av_one_fifth  flex_column_div av-zero-column-padding  column-top-margin'     ><section  class='av_textblock_section av-ku6qw4hx-818dd9d76c38c13d4f42a7c575f70654 '   itemscope=\"itemscope\" itemtype=\"https:\/\/schema.org\/CreativeWork\" ><div class='avia_textblock'  itemprop=\"text\" ><div class=\"page\" title=\"Page 4\">\n<div class=\"section\">\n<div class=\"layoutArea\">\n<div class=\"column\">\n<h3>LATVIJA<\/h3>\n<p>Liep\u0101jas iela 2-19<br \/>\nRiga, LV-1002<br \/>\nLatvija<br \/>\n\u012emon\u0117s kodas: 304154059<br \/>\nPVM kodas: LT100009863011<\/p>\n<p>Telefonas: +370 618 56445<\/p>\n<\/div>\n<\/div>\n<\/div>\n<\/div>\n<\/div><\/section><\/div>\n<style type=\"text\/css\" data-created_by=\"avia_inline_auto\" id=\"style-css-av-12dqja-c5f32ccc78a3f2fb2bd666595a0eb1aa\">\n.flex_column.av-12dqja-c5f32ccc78a3f2fb2bd666595a0eb1aa{\nborder-radius:0px 0px 0px 0px;\npadding:0px 0px 0px 0px;\n}\n<\/style>\n<div  class='flex_column av-12dqja-c5f32ccc78a3f2fb2bd666595a0eb1aa av_one_fifth  avia-builder-el-7  el_after_av_one_fifth  el_before_av_one_fifth  flex_column_div av-zero-column-padding  column-top-margin'     ><section  class='av_textblock_section av-ku6qw4hx-818dd9d76c38c13d4f42a7c575f70654 '   itemscope=\"itemscope\" itemtype=\"https:\/\/schema.org\/CreativeWork\" ><div class='avia_textblock'  itemprop=\"text\" ><div class=\"page\" title=\"Page 4\">\n<div class=\"section\">\n<div class=\"layoutArea\">\n<div class=\"column\">\n<h3>ESTIJA<\/h3>\n<p>Laki Poik 2<br \/>\nTallinn, 12919<br \/>\nEstija<br \/>\n\u012emon\u0117s kodas: 304154059<br \/>\nPVM kodas: LT100009863011<\/p>\n<p>Telefonas: +370 618 56445<\/p>\n<\/div>\n<\/div>\n<\/div>\n<\/div>\n<\/div><\/section><\/div>\n<style type=\"text\/css\" data-created_by=\"avia_inline_auto\" id=\"style-css-av-12dqja-c5f32ccc78a3f2fb2bd666595a0eb1aa\">\n.flex_column.av-12dqja-c5f32ccc78a3f2fb2bd666595a0eb1aa{\nborder-radius:0px 0px 0px 0px;\npadding:0px 0px 0px 0px;\n}\n<\/style>\n<div  class='flex_column av-12dqja-c5f32ccc78a3f2fb2bd666595a0eb1aa av_one_fifth  avia-builder-el-9  el_after_av_one_fifth  el_before_av_one_fifth  flex_column_div av-zero-column-padding  column-top-margin'     ><section  class='av_textblock_section av-ku6qw4hx-818dd9d76c38c13d4f42a7c575f70654 '   itemscope=\"itemscope\" itemtype=\"https:\/\/schema.org\/CreativeWork\" ><div class='avia_textblock'  itemprop=\"text\" ><div class=\"page\" title=\"Page 4\">\n<div class=\"section\">\n<div class=\"layoutArea\">\n<div class=\"column\">\n<h3>LENKIJA<\/h3>\n<p>Olbrachta 94<br \/>\nWarsaw, 01102<br \/>\nLenkija<br \/>\n\u012emon\u0117s kodas: 304154059<br \/>\nPVM kodas: LT100009863011<\/p>\n<p>Telefonas: +48 609 147 764<\/p>\n<\/div>\n<\/div>\n<\/div>\n<\/div>\n<\/div><\/section><\/div>\n<style type=\"text\/css\" data-created_by=\"avia_inline_auto\" id=\"style-css-av-3e4uu-a4d4ff202bc803c0e0f4dda5c5360f48\">\n.flex_column.av-3e4uu-a4d4ff202bc803c0e0f4dda5c5360f48{\nborder-radius:0px 0px 0px 0px;\npadding:0px 0px 0px 0px;\n}\n<\/style>\n<div  class='flex_column av-3e4uu-a4d4ff202bc803c0e0f4dda5c5360f48 av_one_fifth  avia-builder-el-11  el_after_av_one_fifth  avia-builder-el-last  flex_column_div av-zero-column-padding  column-top-margin'     ><section  class='av_textblock_section av-ku6qw4hx-818dd9d76c38c13d4f42a7c575f70654 '   itemscope=\"itemscope\" itemtype=\"https:\/\/schema.org\/CreativeWork\" ><div class='avia_textblock'  itemprop=\"text\" ><div class=\"page\" title=\"Page 4\">\n<div class=\"section\">\n<div class=\"layoutArea\">\n<div class=\"column\">\n<h3>Si\u0173skite u\u017eklaus\u0105<\/h3>\n<\/div>\n<\/div>\n<\/div>\n<\/div>\n<\/div><\/section><br \/>\n\n<style type=\"text\/css\" data-created_by=\"avia_inline_auto\" id=\"style-css-av-kuwh03jl-e4a5b5f769eb2c75128abeae73327bb6\">\n#top .hr.hr-invisible.av-kuwh03jl-e4a5b5f769eb2c75128abeae73327bb6{\nheight:50px;\n}\n<\/style>\n<div  class='hr av-kuwh03jl-e4a5b5f769eb2c75128abeae73327bb6 hr-invisible  avia-builder-el-13  el_after_av_textblock  el_before_av_button '><span class='hr-inner '><span class=\"hr-inner-style\"><\/span><\/span><\/div><br \/>\n<div  class='avia-button-wrap av-kyv600ve-619163294b020d60eb00b771201e01d6-wrap avia-button-left  avia-builder-el-14  el_after_av_hr  avia-builder-el-last '><a href='#brave_open_popup_694'  class='avia-button av-kyv600ve-619163294b020d60eb00b771201e01d6 av-link-btn avia-icon_select-no avia-size-small avia-position-left avia-color-theme-color'   aria-label=\"U\u017dKLAUSA\"><span class='avia_iconbox_title' >U\u017dKLAUSA<\/span><\/a><\/div><\/p><\/div>\n","protected":false},"excerpt":{"rendered":"","protected":false},"author":1,"featured_media":0,"parent":0,"menu_order":0,"comment_status":"closed","ping_status":"closed","template":"","meta":{"footnotes":""},"class_list":["post-663","page","type-page","status-publish","hentry"],"_links":{"self":[{"href":"https:\/\/3pldgm.com\/lt\/wp-json\/wp\/v2\/pages\/663","targetHints":{"allow":["GET"]}}],"collection":[{"href":"https:\/\/3pldgm.com\/lt\/wp-json\/wp\/v2\/pages"}],"about":[{"href":"https:\/\/3pldgm.com\/lt\/wp-json\/wp\/v2\/types\/page"}],"author":[{"embeddable":true,"href":"https:\/\/3pldgm.com\/lt\/wp-json\/wp\/v2\/users\/1"}],"replies":[{"embeddable":true,"href":"https:\/\/3pldgm.com\/lt\/wp-json\/wp\/v2\/comments?post=663"}],"version-history":[{"count":9,"href":"https:\/\/3pldgm.com\/lt\/wp-json\/wp\/v2\/pages\/663\/revisions"}],"predecessor-version":[{"id":872,"href":"https:\/\/3pldgm.com\/lt\/wp-json\/wp\/v2\/pages\/663\/revisions\/872"}],"wp:attachment":[{"href":"https:\/\/3pldgm.com\/lt\/wp-json\/wp\/v2\/media?parent=663"}],"curies":[{"name":"wp","href":"https:\/\/api.w.org\/{rel}","templated":true}]}}